{"id":5212,"date":"2021-08-25T07:26:28","date_gmt":"2021-08-25T07:26:28","guid":{"rendered":"http:\/\/dummy.xtemos.com\/woodmart2\/?page_id=5212"},"modified":"2025-01-04T03:27:12","modified_gmt":"2025-01-04T00:27:12","slug":"about-us","status":"publish","type":"page","link":"https:\/\/qualiss.com.tr\/en\/about-us\/","title":{"rendered":"About us"},"content":{"rendered":"<div class=\"wpb-content-wrapper\"><div class=\"vc_row wpb_row vc_row-fluid\"><div class=\"wpb_column vc_column_container vc_col-sm-12 vc_hidden-xs wd-rs-61d4c72f71b01\"><div class=\"vc_column-inner\"><div class=\"wpb_wrapper\"><div class=\"vc_empty_space\"   style=\"height: 150px\"><span class=\"vc_empty_space_inner\"><\/span><\/div><\/div><\/div><\/div><\/div><div class=\"vc_row wpb_row vc_row-fluid vc_custom_1641334686380 vc_row-o-content-middle vc_row-flex wd-rs-61d4c798b8573\"><div class=\"wpb_column vc_column_container vc_col-sm-6 wd-rs-61cba293d98ed\"><div class=\"vc_column-inner vc_custom_1640735383769\"><div class=\"wpb_wrapper\">\t\t<div id=\"wd-61d4c68184c4d\" class=\"wd-image wd-wpb wd-rs-61d4c68184c4d text-left vc_custom_1641334411858\">\n\t\t\t\n\t\t\t<img decoding=\"async\" width=\"550\" height=\"550\" src=\"https:\/\/qualiss.com.tr\/wp-content\/uploads\/2022\/01\/qualiss-hakkimizda.avif\" class=\"attachment-full size-full not-transparent\" alt=\"qualiss-hakkimizda\" srcset=\"https:\/\/qualiss.com.tr\/wp-content\/uploads\/2022\/01\/qualiss-hakkimizda.avif 550w, https:\/\/qualiss.com.tr\/wp-content\/uploads\/2022\/01\/qualiss-hakkimizda-300x300.avif 300w, https:\/\/qualiss.com.tr\/wp-content\/uploads\/2022\/01\/qualiss-hakkimizda-150x150.avif 150w, https:\/\/qualiss.com.tr\/wp-content\/uploads\/2022\/01\/qualiss-hakkimizda-12x12.avif 12w, https:\/\/qualiss.com.tr\/wp-content\/uploads\/2022\/01\/qualiss-hakkimizda-430x430.avif 430w\" sizes=\"(max-width: 550px) 100vw, 550px\" data-has-transparency=\"false\" data-dominant-color=\"614c31\" style=\"--dominant-color: #614c31;\" title=\"\">\n\t\t\t\t\t<\/div>\n\t\t<\/div><\/div><\/div><div class=\"wpb_column vc_column_container vc_col-sm-6 vc_col-xs-12 wd-rs-61cba5585d070\"><div class=\"vc_column-inner vc_custom_1640736116964\"><div class=\"wpb_wrapper\">\n\t\t<div id=\"wd-61d4c7d9781f9\" class=\"title-wrapper wd-wpb wd-set-mb reset-last-child  wd-rs-61d4c7d9781f9 wd-title-color-primary wd-title-style-simple text-center fontls vc_custom_1641334755852 wd-underline-colored\">\n\t\t\t\n\t\t\t<div class=\"liner-continer\">\n\t\t\t\t<h4 class=\"woodmart-title-container title  wd-font-weight- wd-fontsize-xxxl\" >About us<\/h4>\n\t\t\t\t\t\t\t<\/div>\n\t\t\t\n\t\t\t\n\t\t\t\n\t\t<\/div>\n\t\t\n\t\t\t\t<div id=\"wd-61d4140a47eb5\" class=\"wd-text-block wd-wpb reset-last-child wd-rs-61d4140a47eb5 text-left wd-fontsize-custom vc_custom_1641291895893\">\n\t\t\t<p>When she discovered that the separate consumption of some vitamins and minerals, which we often do not get enough from the outside, is both very troublesome and very costly, she went in search of supplementary food for herself and her loved ones, and after a long period of domestic and foreign research, the female entrepreneur, who founded her own brand by realizing that the product contents in the market were insufficient, worked with experts in the field and succeeded in collecting quality raw materials and rich content in a single capsule.<\/p>\n<p>Our product, which is as natural as possible and has high bioavailability; It is produced in facilities with the latest technologies, with all quality and legal documents (ISO 9001: 2015- ISO 22000: 2018- GMP -HACCP- FDA REGISTERED) that attach special importance to hygiene, comply with food safety, and fulfill quality standards.<\/p>\n\t\t<\/div>\n\t\t<div class=\"vc_separator wpb_content_element vc_separator_align_center vc_sep_width_100 vc_sep_pos_align_center vc_separator_no_text vc_custom_1615616514122\" ><span class=\"vc_sep_holder vc_sep_holder_l\"><span style=\"border-color:rgb(10,10,10);border-color:rgba(10,10,10,0.12);\" class=\"vc_sep_line\"><\/span><\/span><span class=\"vc_sep_holder vc_sep_holder_r\"><span style=\"border-color:rgb(10,10,10);border-color:rgba(10,10,10,0.12);\" class=\"vc_sep_line\"><\/span><\/span>\n<\/div><div class=\"vc_row wpb_row vc_inner vc_row-fluid vc_row-o-content-middle vc_row-flex\"><div class=\"wpb_column vc_column_container vc_col-sm-6\"><div class=\"vc_column-inner vc_custom_1617632364304\"><div class=\"wpb_wrapper\"><\/div><\/div><\/div><div class=\"wpb_column vc_column_container vc_col-sm-6 vc_hidden-sm vc_hidden-xs wd-rs-6125f438bf39a\"><div class=\"vc_column-inner vc_custom_1629877310132\"><div class=\"wpb_wrapper\">\t\t\t<div\n\t\t\t\t\t\tclass=\"wd-social-icons  wd-style-colored-alt wd-size-small social-share wd-shape-circle text-right\">\n\t\t\t\t\n\t\t\t\t\n\t\t\t\t\t\t\t\t\t<a rel=\"noopener noreferrer nofollow\" href=\"https:\/\/www.facebook.com\/sharer\/sharer.php?u=https:\/\/qualiss.com.tr\/en\/about-us\/\" target=\"_blank\" class=\"wd-social-icon social-facebook\" aria-label=\"Facebook social link\">\n\t\t\t\t\t\t<span class=\"wd-icon\"><\/span>\n\t\t\t\t\t\t\t\t\t\t\t<\/a>\n\t\t\t\t\n\t\t\t\t\t\t\t\t\t<a rel=\"noopener noreferrer nofollow\" href=\"https:\/\/x.com\/share?url=https:\/\/qualiss.com.tr\/en\/about-us\/\" target=\"_blank\" class=\"wd-social-icon social-twitter\" aria-label=\"X social link\">\n\t\t\t\t\t\t<span class=\"wd-icon\"><\/span>\n\t\t\t\t\t\t\t\t\t\t\t<\/a>\n\t\t\t\t\n\t\t\t\t\n\t\t\t\t\n\t\t\t\t\n\t\t\t\t\n\t\t\t\t\n\t\t\t\t\t\t\t\t\t<a rel=\"noopener noreferrer nofollow\" href=\"https:\/\/pinterest.com\/pin\/create\/button\/?url=https:\/\/qualiss.com.tr\/en\/about-us\/&#038;media=https:\/\/qualiss.com.tr\/wp-includes\/images\/media\/default.svg&#038;description=Hakk%C4%B1m%C4%B1zda\" target=\"_blank\" class=\"wd-social-icon social-pinterest\" aria-label=\"Pinterest social link\">\n\t\t\t\t\t\t<span class=\"wd-icon\"><\/span>\n\t\t\t\t\t\t\t\t\t\t\t<\/a>\n\t\t\t\t\n\t\t\t\t\n\t\t\t\t\t\t\t\t\t<a rel=\"noopener noreferrer nofollow\" href=\"https:\/\/www.linkedin.com\/shareArticle?mini=true&#038;url=https:\/\/qualiss.com.tr\/en\/about-us\/\" target=\"_blank\" class=\"wd-social-icon social-linkedin\" aria-label=\"Linkedin social link\">\n\t\t\t\t\t\t<span class=\"wd-icon\"><\/span>\n\t\t\t\t\t\t\t\t\t\t\t<\/a>\n\t\t\t\t\n\t\t\t\t\n\t\t\t\t\n\t\t\t\t\n\t\t\t\t\n\t\t\t\t\n\t\t\t\t\n\t\t\t\t\n\t\t\t\t\n\t\t\t\t\t\t\t\t\t<a rel=\"noopener noreferrer nofollow\" href=\"https:\/\/api.whatsapp.com\/send?text=https%3A%2F%2Fqualiss.com.tr%2Fen%2Fabout-us%2F\" target=\"_blank\" class=\"wd-hide-md wd-social-icon social-whatsapp\" aria-label=\"WhatsApp social link\">\n\t\t\t\t\t\t<span class=\"wd-icon\"><\/span>\n\t\t\t\t\t\t\t\t\t\t\t<\/a>\n\n\t\t\t\t\t<a rel=\"noopener noreferrer nofollow\" href=\"whatsapp:\/\/send?text=http:\/\/https%3A%2F%2Fqualiss.com.tr%2Fen%2Fabout-us%2F\" target=\"_blank\" class=\"wd-hide-lg wd-social-icon social-whatsapp\" aria-label=\"WhatsApp social link\">\n\t\t\t\t\t\t<span class=\"wd-icon\"><\/span>\n\t\t\t\t\t\t\t\t\t\t\t<\/a>\n\t\t\t\t\n\t\t\t\t\n\t\t\t\t\n\t\t\t\t\n\t\t\t\t\n\t\t\t\t\n\t\t\t\t\t\t\t\t\t<a rel=\"noopener noreferrer nofollow\" href=\"https:\/\/telegram.me\/share\/url?url=https:\/\/qualiss.com.tr\/en\/about-us\/\" target=\"_blank\" class=\"wd-social-icon social-tg\" aria-label=\"Telegram social link\">\n\t\t\t\t\t\t<span class=\"wd-icon\"><\/span>\n\t\t\t\t\t\t\t\t\t\t\t<\/a>\n\t\t\t\t\n\t\t\t\t\n\t\t\t<\/div>\n\n\t\t<\/div><\/div><\/div><\/div><\/div><\/div><\/div><\/div>\n<\/div>","protected":false},"excerpt":{"rendered":"Hakk\u0131m\u0131zda \u00c7o\u011fu zaman d\u0131\u015far\u0131dan yeterince alamad\u0131\u011f\u0131m\u0131z baz\u0131 vitamin ve minerallerin ayr\u0131 ayr\u0131 t\u00fcketiminin hem \u00e7ok zahmetli hem de \u00e7ok masrafl\u0131","protected":false},"author":1,"featured_media":0,"parent":0,"menu_order":0,"comment_status":"closed","ping_status":"closed","template":"","meta":{"footnotes":""},"class_list":["post-5212","page","type-page","status-publish","hentry"],"_links":{"self":[{"href":"https:\/\/qualiss.com.tr\/en\/wp-json\/wp\/v2\/pages\/5212","targetHints":{"allow":["GET"]}}],"collection":[{"href":"https:\/\/qualiss.com.tr\/en\/wp-json\/wp\/v2\/pages"}],"about":[{"href":"https:\/\/qualiss.com.tr\/en\/wp-json\/wp\/v2\/types\/page"}],"author":[{"embeddable":true,"href":"https:\/\/qualiss.com.tr\/en\/wp-json\/wp\/v2\/users\/1"}],"replies":[{"embeddable":true,"href":"https:\/\/qualiss.com.tr\/en\/wp-json\/wp\/v2\/comments?post=5212"}],"version-history":[{"count":0,"href":"https:\/\/qualiss.com.tr\/en\/wp-json\/wp\/v2\/pages\/5212\/revisions"}],"wp:attachment":[{"href":"https:\/\/qualiss.com.tr\/en\/wp-json\/wp\/v2\/media?parent=5212"}],"curies":[{"name":"wp","href":"https:\/\/api.w.org\/{rel}","templated":true}]}}