{"id":7245,"date":"2021-12-28T10:35:03","date_gmt":"2021-12-28T10:35:03","guid":{"rendered":"https:\/\/qualiss.com.tr\/?page_id=7245"},"modified":"2026-04-05T11:47:38","modified_gmt":"2026-04-05T08:47:38","slug":"personal-data-protection-law","status":"publish","type":"page","link":"https:\/\/qualiss.com.tr\/en\/personal-data-protection-law\/","title":{"rendered":"K\u0130\u015e\u0130SEL VER\u0130LER\u0130N KORUNMASI KANUNU"},"content":{"rendered":"<div class=\"wpb-content-wrapper\"><div class=\"vc_row wpb_row vc_row-fluid vc_custom_1640951075674 wd-rs-61ceed1febc38\"><div class=\"wpb_column vc_column_container vc_col-sm-2\"><div class=\"vc_column-inner\"><div class=\"wpb_wrapper\"><\/div><\/div><\/div><div class=\"wpb_column vc_column_container vc_col-sm-8 vc_col-sm-offset-0 wd-rs-61d424bc89c92\"><div class=\"vc_column-inner vc_custom_1641293045956\"><div class=\"wpb_wrapper\">\n\t\t<div id=\"wd-61ccbe1013da8\" class=\"title-wrapper wd-wpb wd-set-mb reset-last-child  wd-rs-61ccbe1013da8 wd-title-color-default wd-title-style-underlined text-left vc_custom_1640807961364 wd-underline-colored\">\n\t\t\t\n\t\t\t<div class=\"liner-continer\">\n\t\t\t\t<h4 class=\"woodmart-title-container title  wd-font-weight- wd-fontsize-xxl\" >Personal Data Protection Law Clarification Text<\/h4>\n\t\t\t\t\t\t\t<\/div>\n\t\t\t\n\t\t\t\n\t\t\t\n\t\t<\/div>\n\t\t\n\t\t\t\t<div id=\"wd-61ccbd9d786c6\" class=\"wd-text-block wd-wpb reset-last-child wd-rs-61ccbd9d786c6 text-left wd-font-weight-300 wd-fontsize-s\">\n\t\t\t<p style=\"text-align: left\">\u00a0This \"Clarification Text\" is published by www.qualiss.com.tr (\"Data Controller\") in order to enlighten users regarding the processing of users' personal data in accordance with the Law No. 6698 on the Turkish Protection of Personal Data \"Law\".<\/p>\n<h3 style=\"text-align: left\"><strong>1) Identity of the Data Controller<\/strong><\/h3>\n<p style=\"text-align: left\">Data Controller: www.qualiss.com.tr<br \/>\n\u0130leti\u015fim Adresi: : info@qualiss.com.tr<\/p>\n<p style=\"text-align: left\">The purposes for which the personal information provided by our users will be processed are clearly stated below.<\/p>\n<h3 style=\"text-align: left\"><strong>2) Purpose of Processing Personal Data<\/strong><\/h3>\n<p style=\"text-align: left\">Your personal data may be processed by the Data Controller or its domestic and\/or foreign affiliates, business partners, service providers (including social media operators) or all real or legal persons who process data on its behalf (\"Data Processor\") for the following purposes within the personal data processing conditions specified in Articles 5 and 6 of the Law.<\/p>\n<p style=\"text-align: left\">Likes, criticisms, comments, IP addresses, navigation and behaviors (cookies are used), location information, usage habits, etc. from users regarding the products and \/ or services offered by the Data Controller to its users; to determine the needs and orientations of the users and to make customization and thus to carry out the most appropriate promotion, advertising, promotion, marketing, etc. commercial planning activities for the users,<br \/>\nName, surname, e-mail, TR identity number, name-surname, gender, telephone number, address information, contact information, information regarding social media accounts declared with social media accounts; To be able to deliver products and services to users, to provide and \/ or plan after-sales and \/ or pre-sales support services, to determine the most appropriate service to users by making shopping statistics, to issue the invoice for the order, to fulfill financial and legal obligations, to deliver your orders to you correctly, In order to carry out user complaints and legal procedures in a healthy manner, credit card, debit card and other card and payment information provided by you, to receive your payments for your orders, to execute the contract, to provide faster and easier ordering services to users in registered uses, to provide users with a better shopping experience and to fulfill the legal requirements arising from the legislation,<br \/>\nmay be processed based on your consent.<\/p>\n<h3><strong>3) Parties to whom Personal Data may be Transferred and Purpose of Transfer<\/strong><\/h3>\n<p>Name, surname, e-mail, TR identity number, name-surname, telephone number, address information, contact information, etc. declared with social media accounts; In order to deliver your orders to you in a healthy way, MNG cargo or other real or legal person responsible for delivery may be shared with you,<\/p>\n<p>Your Credit Card Debit Card information, name, surname, e-mail, name-surname declared with social media account, telephone number, address information, contact information, etc. information; In order to make your payment, Alotech (voice response system) and \/ or (PayTR BDDK Licensed Virtual Pos Service Supplier) and other real or legal persons responsible for payment transactions, according to the payment method you prefer,<br \/>\nPersonal information belonging to users may be obtained, taken over, saved in written\/magnetic archives (including cloud services), stored, preserved, made available, used, updated, changed, merged, rearranged, classified, disclosed, shared, transferred, transferred to Data Processors (domestic or foreign third parties) for the purposes set out in this Clarification Text, or transferred to Data Processors (domestic or foreign) for these purposes.third parties (domestically or abroad), transfer or transfer to Data Processors (domestically or abroad) for these purposes.<\/p>\n<h3><strong>4) Method and Legal Grounds for Collection of Personal Data<\/strong><\/h3>\n<p>Your Personal Data is collected electronically via e-mail, website, mobile application, all kinds of social media accounts or through Customer Relations and in accordance with the conditions specified in Articles 5 and 6 of the Turkish Law.<\/p>\n<h3><strong>5) Rights of the Personal Data Subject<\/strong><\/h3>\n<p>Pursuant to Article 11 of the Law No. 6698 on the Protection of Personal Data, users may submit their personal data,<br \/>\na) find out if it has been processed,<br \/>\nb) request information if processed,<br \/>\nc) to learn the purpose of processing and whether it is used in accordance with its purpose,<br \/>\nd) knowing the third parties to whom it is transferred domestically \/ internationally,<br \/>\ne) request correction if incomplete \/ incorrectly processed,<br \/>\nf) To request deletion\/destruction within the framework of the conditions stipulated in Article 7 of the Law,<br \/>\ng) to request notification of the transactions made pursuant to subparagraphs (d) and (e) above to the third parties to whom it is transferred,<br \/>\nh) object to the occurrence of a result to your detriment due to analysis exclusively by automated systems,<br \/>\ni) In case of damage due to unlawful processing of personal data, to demand compensation for the damage,<br \/>\nrights.<\/p>\n<p>In accordance with Article 7 of Law No. 6698, if the reasons for the processing of personal data disappear and you submit your request via e-mail to the contact address above. Your request will be evaluated by the Data Controller. If your request meets the conditions in Law No. 6698, the data will be destroyed or anonymized.<\/p>\n\t\t<\/div>\n\t\t<\/div><\/div><\/div><div class=\"wpb_column vc_column_container vc_col-sm-2 wd-rs-61ccbd5346bd1\"><div class=\"vc_column-inner\"><div class=\"wpb_wrapper\"><\/div><\/div><\/div><\/div>\n<\/div>","protected":false},"excerpt":{"rendered":"KVKK AYDINLATMA METN\u0130 \u00a0\u0130\u015fbu, \u201cAyd\u0131nlatma Metni\u201d www.qualiss.com.tr (\u201cVeri Sorumlusu\u201d) taraf\u0131ndan 6698 say\u0131l\u0131 Ki\u015fisel Verilerin Korunmas\u0131 Kanunu \u201cKanun\u201d uyar\u0131nca kullan\u0131c\u0131lar\u0131n ki\u015fisel","protected":false},"author":1,"featured_media":0,"parent":0,"menu_order":0,"comment_status":"closed","ping_status":"closed","template":"","meta":{"footnotes":""},"class_list":["post-7245","page","type-page","status-publish","hentry"],"_links":{"self":[{"href":"https:\/\/qualiss.com.tr\/en\/wp-json\/wp\/v2\/pages\/7245","targetHints":{"allow":["GET"]}}],"collection":[{"href":"https:\/\/qualiss.com.tr\/en\/wp-json\/wp\/v2\/pages"}],"about":[{"href":"https:\/\/qualiss.com.tr\/en\/wp-json\/wp\/v2\/types\/page"}],"author":[{"embeddable":true,"href":"https:\/\/qualiss.com.tr\/en\/wp-json\/wp\/v2\/users\/1"}],"replies":[{"embeddable":true,"href":"https:\/\/qualiss.com.tr\/en\/wp-json\/wp\/v2\/comments?post=7245"}],"version-history":[{"count":1,"href":"https:\/\/qualiss.com.tr\/en\/wp-json\/wp\/v2\/pages\/7245\/revisions"}],"predecessor-version":[{"id":8938,"href":"https:\/\/qualiss.com.tr\/en\/wp-json\/wp\/v2\/pages\/7245\/revisions\/8938"}],"wp:attachment":[{"href":"https:\/\/qualiss.com.tr\/en\/wp-json\/wp\/v2\/media?parent=7245"}],"curies":[{"name":"wp","href":"https:\/\/api.w.org\/{rel}","templated":true}]}}