{"id":7250,"date":"2021-12-28T10:53:59","date_gmt":"2021-12-28T10:53:59","guid":{"rendered":"https:\/\/qualiss.com.tr\/?page_id=7250"},"modified":"2025-05-08T07:20:46","modified_gmt":"2025-05-08T04:20:46","slug":"guarantee-and-return-conditions","status":"publish","type":"page","link":"https:\/\/qualiss.com.tr\/en\/guarantee-and-return-conditions\/","title":{"rendered":"GARANT\u0130 VE \u0130ADE KO\u015eULLARI"},"content":{"rendered":"<div class=\"wpb-content-wrapper\"><div class=\"vc_row wpb_row vc_row-fluid vc_custom_1640951362329 wd-rs-61ceee3e8abd3\"><div class=\"wpb_column vc_column_container vc_col-sm-2 vc_col-sm-offset-0 wd-rs-61ccd88c21286\"><div class=\"vc_column-inner vc_custom_1640814741444\"><div class=\"wpb_wrapper\"><\/div><\/div><\/div><div class=\"wpb_column vc_column_container vc_col-sm-8 wd-rs-61d425bf2b565\"><div class=\"vc_column-inner vc_custom_1641293252971\"><div class=\"wpb_wrapper\">\n\t\t<div id=\"wd-61ccd8dd3d173\" class=\"title-wrapper wd-wpb wd-set-mb reset-last-child  wd-rs-61ccd8dd3d173 wd-title-color-default wd-title-style-underlined text-left vc_custom_1640814822778 wd-underline-colored\">\n\t\t\t\n\t\t\t<div class=\"liner-continer\">\n\t\t\t\t<h4 class=\"woodmart-title-container title  wd-font-weight- wd-fontsize-xxl\" >Warranty and Return Conditions<\/h4>\n\t\t\t\t\t\t\t<\/div>\n\t\t\t\n\t\t\t\n\t\t\t\n\t\t<\/div>\n\t\t\n\t\t\t\t<div id=\"wd-681c30fdb6017\" class=\"wd-text-block wd-wpb reset-last-child wd-rs-681c30fdb6017 text-left wd-font-weight-400 wd-fontsize-s\">\n\t\t\t<p>Alm\u0131\u015f oldu\u011funuz \u00fcr\u00fcn\u00fc, ambalaj\u0131n\u0131 a\u00e7madan\/tahrip etmeden\/bozmadan, \u00fcr\u00fcn\u00fc kullanmadan teslim tarihinden itibaren on d\u00f6rt (14) g\u00fcnl\u00fck s\u00fcre i\u00e7inde teslim ald\u0131\u011f\u0131n\u0131z \u015fekli ile iade edebilirsiniz. Ald\u0131\u011f\u0131n\u0131z \u00fcr\u00fcn\u00fc belirtilen s\u00fcreler i\u00e7inde iade etmeden \u00f6nce info@qualiss.com.tr adresine \u00fcr\u00fcn fatura numaras\u0131 ve sipari\u015f numaran\u0131z\u0131 i\u00e7eren bir e-posta atman\u0131z gerekmektedir. Bu e-posta i\u00e7inde \u00fcr\u00fcn\u00fc neden iade etmek istedi\u011finizi k\u0131saca a\u00e7\u0131klaman\u0131z beklenmektedir. Bu e-postay\u0131 ald\u0131ktan sonra \u00fcr\u00fcn\u00fc nereye ve nas\u0131l iade edece\u011finizi size bildirece\u011fiz. Bu bilgileri size iletmemizle birlikte siz iade etmek istedi\u011finiz \u00fcr\u00fcn\u00fc orijinal ambalaj\u0131na koyarak anla\u015fmal\u0131 oldu\u011fumuz MNG Kargo ile g\u00f6nderebilirsiniz. Sevkiyat s\u0131ras\u0131nda zarar g\u00f6rd\u00fc\u011f\u00fcn\u00fc d\u00fc\u015f\u00fcnd\u00fc\u011f\u00fcn\u00fcz paketleri teslim ald\u0131\u011f\u0131n\u0131z firma yetkilisi \u00f6n\u00fcnde a\u00e7\u0131p kontrol ediniz. E\u011fer \u00fcr\u00fcnde herhangi bir zarar varsa kargo firmas\u0131na tutanak tutturarak \u00fcr\u00fcn\u00fc teslim almay\u0131n\u0131z. \u00dcr\u00fcn teslim al\u0131nd\u0131ktan sonra kargo firmas\u0131n\u0131n g\u00f6revini tam olarak yerine getirdi\u011fini kabul etmi\u015f oldu\u011funuzun varsay\u0131ld\u0131\u011f\u0131n\u0131 unutmay\u0131n\u0131z.<\/p>\n<p>In cases where any opening, deterioration, breakage, destruction, destruction, tearing, use and other conditions are detected in the product and its packaging and if the product cannot be returned in the state in which it was delivered to the customer, the return of the product is not accepted.<\/p>\n\t\t<\/div>\n\t\t<\/div><\/div><\/div><div class=\"wpb_column vc_column_container vc_col-sm-2\"><div class=\"vc_column-inner\"><div class=\"wpb_wrapper\"><\/div><\/div><\/div><\/div>\n<\/div>","protected":false},"excerpt":{"rendered":"Garanti ve \u0130ade Ko\u015fullar\u0131 Alm\u0131\u015f oldu\u011funuz \u00fcr\u00fcn\u00fc, ambalaj\u0131n\u0131 a\u00e7madan\/tahrip etmeden\/bozmadan, \u00fcr\u00fcn\u00fc kullanmadan teslim tarihinden itibaren on d\u00f6rt (14) g\u00fcnl\u00fck s\u00fcre","protected":false},"author":1,"featured_media":0,"parent":0,"menu_order":0,"comment_status":"closed","ping_status":"closed","template":"","meta":{"footnotes":""},"class_list":["post-7250","page","type-page","status-publish","hentry"],"_links":{"self":[{"href":"https:\/\/qualiss.com.tr\/en\/wp-json\/wp\/v2\/pages\/7250","targetHints":{"allow":["GET"]}}],"collection":[{"href":"https:\/\/qualiss.com.tr\/en\/wp-json\/wp\/v2\/pages"}],"about":[{"href":"https:\/\/qualiss.com.tr\/en\/wp-json\/wp\/v2\/types\/page"}],"author":[{"embeddable":true,"href":"https:\/\/qualiss.com.tr\/en\/wp-json\/wp\/v2\/users\/1"}],"replies":[{"embeddable":true,"href":"https:\/\/qualiss.com.tr\/en\/wp-json\/wp\/v2\/comments?post=7250"}],"version-history":[{"count":0,"href":"https:\/\/qualiss.com.tr\/en\/wp-json\/wp\/v2\/pages\/7250\/revisions"}],"wp:attachment":[{"href":"https:\/\/qualiss.com.tr\/en\/wp-json\/wp\/v2\/media?parent=7250"}],"curies":[{"name":"wp","href":"https:\/\/api.w.org\/{rel}","templated":true}]}}