{"id":7292,"date":"2021-12-28T13:18:27","date_gmt":"2021-12-28T13:18:27","guid":{"rendered":"https:\/\/qualiss.com.tr\/?page_id=7292"},"modified":"2022-01-04T13:45:14","modified_gmt":"2022-01-04T10:45:14","slug":"electronic-and-commercial-communication-permission","status":"publish","type":"page","link":"https:\/\/qualiss.com.tr\/en\/electronic-and-commercial-communication-permission\/","title":{"rendered":"ELECTRONIC AND COMMERCIAL MESSAGE AUTHORIZATION"},"content":{"rendered":"<div class=\"wpb-content-wrapper\"><div class=\"vc_row wpb_row vc_row-fluid vc_custom_1640951203958 wd-rs-61ceeda010be1\"><div class=\"wpb_column vc_column_container vc_col-sm-2 vc_col-sm-offset-0 wd-rs-61ccbe7201d34\"><div class=\"vc_column-inner vc_custom_1640808057678\"><div class=\"wpb_wrapper\"><\/div><\/div><\/div><div class=\"wpb_column vc_column_container vc_col-sm-8 wd-rs-61d4252d2f6ee\"><div class=\"vc_column-inner vc_custom_1641293109062\"><div class=\"wpb_wrapper\">\n\t\t<div id=\"wd-61ccbee0be5f4\" class=\"title-wrapper wd-wpb wd-set-mb reset-last-child  wd-rs-61ccbee0be5f4 wd-title-color-default wd-title-style-underlined text-left  wd-underline-colored\">\n\t\t\t\n\t\t\t<div class=\"liner-continer\">\n\t\t\t\t<h4 class=\"woodmart-title-container title  wd-font-weight- wd-fontsize-xxl\" >ELECTRONIC AND COMMERCIAL MESSAGE AUTHORIZATION<\/h4>\n\t\t\t\t\t\t\t<\/div>\n\t\t\t\n\t\t\t\n\t\t\t\n\t\t<\/div>\n\t\t\n\t\t\t\t<div id=\"wd-61ccbeae96222\" class=\"wd-text-block wd-wpb reset-last-child wd-rs-61ccbeae96222 text-left wd-fontsize-s vc_custom_1640808128159\">\n\t\t\t<p>I have read and understood the information text regarding electronic and commercial message consent. I have explicit consent to receive electronic and commercial messages.<\/p>\n<p>With the approval of this form, within the scope of the Law No. 6563 on the Regulation of Electronic Commerce and the Regulation on Commercial Communication and Commercial Electronic Messages published in the Official Gazette dated July 15, 2015 and numbered 29417, the promotions, products, services, campaigns offered by Elife Erdur (Qualiss) or Qualiss through the data processor, intermediary institution, You hereby declare that you accept all promotions, campaigns, promotions, advertisements and information messages to be sent by all kinds of commercial electronic messages containing data, audio and video content sent for commercial purposes and sent electronically using means such as telephone, electronic mail (e-mail), short message service regarding promotions and customer relations.<\/p>\n<p>You can unsubscribe from the mailing list easily and free of charge, without any charge, using the methods specified in the messages sent by Qualiss. You can also prevent commercial electronic messages from being sent to you by clicking on the \"click here if you want to unsubscribe\" button in the e-bulletin, SMS, etc. that will be sent to you.<\/p>\n\t\t<\/div>\n\t\t<\/div><\/div><\/div><div class=\"wpb_column vc_column_container vc_col-sm-2\"><div class=\"vc_column-inner\"><div class=\"wpb_wrapper\"><\/div><\/div><\/div><\/div>\n<\/div>","protected":false},"excerpt":{"rendered":"ELEKTRON\u0130K VE T\u0130CAR\u0130 \u0130LET\u0130 \u0130ZN\u0130 Elektronik ve ticari ileti iznine ili\u015fkin bilgilendirme metnini okudum, anlad\u0131m. Taraf\u0131ma elektronik ve ticari ileti","protected":false},"author":1,"featured_media":0,"parent":0,"menu_order":0,"comment_status":"closed","ping_status":"closed","template":"","meta":{"footnotes":""},"class_list":["post-7292","page","type-page","status-publish","hentry"],"_links":{"self":[{"href":"https:\/\/qualiss.com.tr\/en\/wp-json\/wp\/v2\/pages\/7292","targetHints":{"allow":["GET"]}}],"collection":[{"href":"https:\/\/qualiss.com.tr\/en\/wp-json\/wp\/v2\/pages"}],"about":[{"href":"https:\/\/qualiss.com.tr\/en\/wp-json\/wp\/v2\/types\/page"}],"author":[{"embeddable":true,"href":"https:\/\/qualiss.com.tr\/en\/wp-json\/wp\/v2\/users\/1"}],"replies":[{"embeddable":true,"href":"https:\/\/qualiss.com.tr\/en\/wp-json\/wp\/v2\/comments?post=7292"}],"version-history":[{"count":0,"href":"https:\/\/qualiss.com.tr\/en\/wp-json\/wp\/v2\/pages\/7292\/revisions"}],"wp:attachment":[{"href":"https:\/\/qualiss.com.tr\/en\/wp-json\/wp\/v2\/media?parent=7292"}],"curies":[{"name":"wp","href":"https:\/\/api.w.org\/{rel}","templated":true}]}}