{"id":7318,"date":"2021-12-28T13:58:52","date_gmt":"2021-12-28T13:58:52","guid":{"rendered":"https:\/\/qualiss.com.tr\/?page_id=7318"},"modified":"2022-01-04T13:49:52","modified_gmt":"2022-01-04T10:49:52","slug":"payment-info","status":"publish","type":"page","link":"https:\/\/qualiss.com.tr\/en\/payment-info\/","title":{"rendered":"\u00d6DEME B\u0130LG\u0130S\u0130"},"content":{"rendered":"<div class=\"wpb-content-wrapper\"><div class=\"vc_row wpb_row vc_row-fluid vc_custom_1640951345596 wd-rs-61ceee2df2bcd\"><div class=\"wpb_column vc_column_container vc_col-sm-2 vc_col-sm-offset-0 wd-rs-61ccdb6bbe657\"><div class=\"vc_column-inner vc_custom_1640815482469\"><div class=\"wpb_wrapper\"><\/div><\/div><\/div><div class=\"wpb_column vc_column_container vc_col-sm-8 wd-rs-61d42645a76a4\"><div class=\"vc_column-inner vc_custom_1641293387276\"><div class=\"wpb_wrapper\">\n\t\t<div id=\"wd-61ccdb8fb2e0c\" class=\"title-wrapper wd-wpb wd-set-mb reset-last-child  wd-rs-61ccdb8fb2e0c wd-title-color-default wd-title-style-underlined text-left vc_custom_1640815512805 wd-underline-colored\">\n\t\t\t\n\t\t\t<div class=\"liner-continer\">\n\t\t\t\t<h4 class=\"woodmart-title-container title  wd-font-weight- wd-fontsize-xxl\" >Payment Information<\/h4>\n\t\t\t\t\t\t\t<\/div>\n\t\t\t\n\t\t\t\n\t\t\t\n\t\t<\/div>\n\t\t\n\t\t\t\t<div id=\"wd-61ccdb9d726cb\" class=\"wd-text-block wd-wpb reset-last-child wd-rs-61ccdb9d726cb text-left wd-fontsize-s vc_custom_1640815526688\">\n\t\t\t<p>You can pay for your order directly from the site with your credit card or debit card.<\/p>\n<p>You can make the payment from our site with all your credit cards which are Bonus, Maximum, Axess, CardFinans, Paraf and Advantage. Our members who do not use credit cards can make payments from our site with cards of all banks.<\/p>\n<p>Our site works with PayTR, a company that specializes in payment infrastructure. PayTR has taken all necessary measures for our customers to make payments in a secure environment with its SSL certified payment page and PCI-DSS compliance.<\/p>\n\t\t<\/div>\n\t\t<\/div><\/div><\/div><div class=\"wpb_column vc_column_container vc_col-sm-2\"><div class=\"vc_column-inner\"><div class=\"wpb_wrapper\"><\/div><\/div><\/div><\/div><div class=\"vc_row wpb_row vc_row-fluid\"><div class=\"wpb_column vc_column_container vc_col-sm-12\"><div class=\"vc_column-inner\"><div class=\"wpb_wrapper\">\t\t<div id=\"wd-61d36eaf9c62b\" class=\"wd-image wd-wpb wd-rs-61d36eaf9c62b text-center\">\n\t\t\t\n\t\t\t<img decoding=\"async\" width=\"1188\" height=\"98\" src=\"https:\/\/qualiss.com.tr\/wp-content\/uploads\/2022\/01\/gu\u0308venli-o\u0308deme.avif\" class=\"attachment-full size-full not-transparent\" alt=\"gu\u0308venli o\u0308deme\" srcset=\"https:\/\/qualiss.com.tr\/wp-content\/uploads\/2022\/01\/gu\u0308venli-o\u0308deme.avif 1188w, https:\/\/qualiss.com.tr\/wp-content\/uploads\/2022\/01\/gu\u0308venli-o\u0308deme-400x33.avif 400w, https:\/\/qualiss.com.tr\/wp-content\/uploads\/2022\/01\/gu\u0308venli-o\u0308deme-768x63.avif 768w, https:\/\/qualiss.com.tr\/wp-content\/uploads\/2022\/01\/gu\u0308venli-o\u0308deme-18x1.avif 18w, https:\/\/qualiss.com.tr\/wp-content\/uploads\/2022\/01\/gu\u0308venli-o\u0308deme-700x58.avif 700w, https:\/\/qualiss.com.tr\/wp-content\/uploads\/2022\/01\/gu\u0308venli-o\u0308deme-150x12.avif 150w\" sizes=\"(max-width: 1188px) 100vw, 1188px\" data-has-transparency=\"false\" data-dominant-color=\"f6f2f3\" style=\"--dominant-color: #f6f2f3;\" title=\"\">\n\t\t\t\t\t<\/div>\n\t\t<\/div><\/div><\/div><\/div>\n<\/div>","protected":false},"excerpt":{"rendered":"\u00d6deme Bilgisi Sipari\u015finizin \u00f6demesini kredi kart\u0131n\u0131zla, banka kart\u0131n\u0131zla siteden direkt olarak ger\u00e7ekle\u015ftirebilirsiniz. Sitemizden \u00f6demeyi Bonus, Maximum, Axess, CardFinans, Paraf ve","protected":false},"author":1,"featured_media":0,"parent":0,"menu_order":0,"comment_status":"closed","ping_status":"closed","template":"","meta":{"footnotes":""},"class_list":["post-7318","page","type-page","status-publish","hentry"],"_links":{"self":[{"href":"https:\/\/qualiss.com.tr\/en\/wp-json\/wp\/v2\/pages\/7318","targetHints":{"allow":["GET"]}}],"collection":[{"href":"https:\/\/qualiss.com.tr\/en\/wp-json\/wp\/v2\/pages"}],"about":[{"href":"https:\/\/qualiss.com.tr\/en\/wp-json\/wp\/v2\/types\/page"}],"author":[{"embeddable":true,"href":"https:\/\/qualiss.com.tr\/en\/wp-json\/wp\/v2\/users\/1"}],"replies":[{"embeddable":true,"href":"https:\/\/qualiss.com.tr\/en\/wp-json\/wp\/v2\/comments?post=7318"}],"version-history":[{"count":0,"href":"https:\/\/qualiss.com.tr\/en\/wp-json\/wp\/v2\/pages\/7318\/revisions"}],"wp:attachment":[{"href":"https:\/\/qualiss.com.tr\/en\/wp-json\/wp\/v2\/media?parent=7318"}],"curies":[{"name":"wp","href":"https:\/\/api.w.org\/{rel}","templated":true}]}}