{"id":7432,"date":"2021-12-29T22:31:53","date_gmt":"2021-12-29T19:31:53","guid":{"rendered":"https:\/\/qualiss.com.tr\/?post_type=product&#038;p=7432"},"modified":"2025-09-01T04:56:30","modified_gmt":"2025-09-01T01:56:30","slug":"qualiss-q-more","status":"publish","type":"product","link":"https:\/\/qualiss.com.tr\/en\/product\/qualiss-q-more\/","title":{"rendered":"Qualiss Q More \u2013 60 Capsules, 8 in 1 Immune System Support"},"content":{"rendered":"<p><img data-dominant-color=\"d4cbca\" data-has-transparency=\"false\" style=\"--dominant-color: #d4cbca;\" decoding=\"async\" class=\"aligncenter wp-image-7464 size-mailpoet_newsletter_max not-transparent\" src=\"https:\/\/qualiss.com.tr\/wp-content\/uploads\/2021\/12\/Qualiss-edited-content-compressed-tiny-kopyasi-1320x6602.jpeg\" alt=\"\" width=\"1320\" height=\"6602\" title=\"\"><\/p>","protected":false},"excerpt":{"rendered":"<p>Qualiss Q More is a Turkish Ministry of Agriculture approved supplementary food containing Vitamin C, Vitamin D, Propolis, Probiotic Microorganisms, Zinc, Selenium, Beta Glucan, Black Elderberry Extract.<br \/>\n\u0130\u00e7erdi\u011fi bile\u015fenler ve dozajlar, ba\u011f\u0131\u015f\u0131kl\u0131k sistemini destekleyici multivitamin olarak katk\u0131 sa\u011flar.<\/p>","protected":false},"featured_media":7925,"comment_status":"open","ping_status":"closed","template":"","meta":[],"product_brand":[],"product_cat":[15],"product_tag":[],"class_list":{"0":"post-7432","1":"product","2":"type-product","3":"status-publish","4":"has-post-thumbnail","6":"product_cat-genel","7":"pa_brand-qualiss","9":"first","10":"instock","11":"shipping-taxable","12":"purchasable","13":"product-type-simple"},"_links":{"self":[{"href":"https:\/\/qualiss.com.tr\/en\/wp-json\/wp\/v2\/product\/7432","targetHints":{"allow":["GET"]}}],"collection":[{"href":"https:\/\/qualiss.com.tr\/en\/wp-json\/wp\/v2\/product"}],"about":[{"href":"https:\/\/qualiss.com.tr\/en\/wp-json\/wp\/v2\/types\/product"}],"replies":[{"embeddable":true,"href":"https:\/\/qualiss.com.tr\/en\/wp-json\/wp\/v2\/comments?post=7432"}],"wp:featuredmedia":[{"embeddable":true,"href":"https:\/\/qualiss.com.tr\/en\/wp-json\/wp\/v2\/media\/7925"}],"wp:attachment":[{"href":"https:\/\/qualiss.com.tr\/en\/wp-json\/wp\/v2\/media?parent=7432"}],"wp:term":[{"taxonomy":"product_brand","embeddable":true,"href":"https:\/\/qualiss.com.tr\/en\/wp-json\/wp\/v2\/product_brand?post=7432"},{"taxonomy":"product_cat","embeddable":true,"href":"https:\/\/qualiss.com.tr\/en\/wp-json\/wp\/v2\/product_cat?post=7432"},{"taxonomy":"product_tag","embeddable":true,"href":"https:\/\/qualiss.com.tr\/en\/wp-json\/wp\/v2\/product_tag?post=7432"}],"curies":[{"name":"wp","href":"https:\/\/api.w.org\/{rel}","templated":true}]}}