{"id":8311,"date":"2023-11-12T21:55:07","date_gmt":"2023-11-12T18:55:07","guid":{"rendered":"https:\/\/qualiss.com.tr\/?post_type=product&#038;p=8311"},"modified":"2025-08-11T11:21:38","modified_gmt":"2025-08-11T08:21:38","slug":"q-more-vitamin-c-d-propolis-probiyotik-cinko-selenyum-iceren-takviye-edici-gida-260","status":"publish","type":"product","link":"https:\/\/qualiss.com.tr\/en\/product\/q-more-vitamin-c-d-propolis-probiyotik-cinko-selenyum-iceren-takviye-edici-gida-260\/","title":{"rendered":"Q More Vitamin C-d Propolis Probiyotik \u00c7inko Selenyum I\u00e7eren Takviye Edici G\u0131da 2*60 Kaps\u00fcl"},"content":{"rendered":"<p>Q More 60 Kaps\u00fcl Vitamin C-d Propolis Probiyotik \u00c7inko Selenyum I\u00e7eren Takviye Edici G\u0131da 2 li paket<\/p>","protected":false},"excerpt":{"rendered":"<p>Qualiss Q More is a Turkish Ministry of Agriculture approved supplementary food containing Vitamin C, Vitamin D, Propolis, Probiotic Microorganisms, Zinc, Selenium, Beta Glucan, Black Elderberry Extract.<br \/>\n\u0130\u00e7erdi\u011fi bile\u015fenler ve dozajlar, ba\u011f\u0131\u015f\u0131kl\u0131k sistemini destekleyici multivitamin olarak katk\u0131 sa\u011flar.<\/p>","protected":false},"featured_media":8312,"comment_status":"open","ping_status":"closed","template":"","meta":[],"product_brand":[],"product_cat":[15],"product_tag":[],"class_list":{"0":"post-8311","1":"product","2":"type-product","3":"status-publish","4":"has-post-thumbnail","6":"product_cat-genel","8":"first","9":"instock","10":"shipping-taxable","11":"purchasable","12":"product-type-simple"},"_links":{"self":[{"href":"https:\/\/qualiss.com.tr\/en\/wp-json\/wp\/v2\/product\/8311","targetHints":{"allow":["GET"]}}],"collection":[{"href":"https:\/\/qualiss.com.tr\/en\/wp-json\/wp\/v2\/product"}],"about":[{"href":"https:\/\/qualiss.com.tr\/en\/wp-json\/wp\/v2\/types\/product"}],"replies":[{"embeddable":true,"href":"https:\/\/qualiss.com.tr\/en\/wp-json\/wp\/v2\/comments?post=8311"}],"wp:featuredmedia":[{"embeddable":true,"href":"https:\/\/qualiss.com.tr\/en\/wp-json\/wp\/v2\/media\/8312"}],"wp:attachment":[{"href":"https:\/\/qualiss.com.tr\/en\/wp-json\/wp\/v2\/media?parent=8311"}],"wp:term":[{"taxonomy":"product_brand","embeddable":true,"href":"https:\/\/qualiss.com.tr\/en\/wp-json\/wp\/v2\/product_brand?post=8311"},{"taxonomy":"product_cat","embeddable":true,"href":"https:\/\/qualiss.com.tr\/en\/wp-json\/wp\/v2\/product_cat?post=8311"},{"taxonomy":"product_tag","embeddable":true,"href":"https:\/\/qualiss.com.tr\/en\/wp-json\/wp\/v2\/product_tag?post=8311"}],"curies":[{"name":"wp","href":"https:\/\/api.w.org\/{rel}","templated":true}]}}