{"id":8338,"date":"2024-01-08T16:06:14","date_gmt":"2024-01-08T13:06:14","guid":{"rendered":"https:\/\/qualiss.com.tr\/?post_type=product&#038;p=8338"},"modified":"2025-08-11T12:49:09","modified_gmt":"2025-08-11T09:49:09","slug":"qualiss-q-more-msm","status":"publish","type":"product","link":"https:\/\/qualiss.com.tr\/en\/product\/qualiss-q-more-msm\/","title":{"rendered":"Qualiss Q More &#038; MSM"},"content":{"rendered":"<p>Qualiss Q More &amp; MSM<\/p>\n<p>Qualiss Q More 60 Kaps\u00fcl Vitamin C-D, Propolis, Probiyotik, \u00c7inko, Selenyum, Beta Glukan ve Kara M\u00fcrver Ekstresi i\u00e7eren Takviye Edici G\u0131da ile Qualiss Msm (Metils\u00fclfonilmetan) %100 Saf Hammadde 100 gr ikilisi bir arada<\/p>","protected":false},"excerpt":{"rendered":"<p>Qualiss Q More &amp; MSM Qualiss Q More 60 Kaps\u00fcl Vitamin C-D, Propolis, Probiyotik, \u00c7inko, Selenyum, Beta Glukan ve Kara<\/p>","protected":false},"featured_media":8339,"comment_status":"open","ping_status":"closed","template":"","meta":[],"product_brand":[],"product_cat":[15],"product_tag":[],"class_list":{"0":"post-8338","1":"product","2":"type-product","3":"status-publish","4":"has-post-thumbnail","6":"product_cat-genel","8":"first","9":"instock","10":"shipping-taxable","11":"purchasable","12":"product-type-simple"},"_links":{"self":[{"href":"https:\/\/qualiss.com.tr\/en\/wp-json\/wp\/v2\/product\/8338","targetHints":{"allow":["GET"]}}],"collection":[{"href":"https:\/\/qualiss.com.tr\/en\/wp-json\/wp\/v2\/product"}],"about":[{"href":"https:\/\/qualiss.com.tr\/en\/wp-json\/wp\/v2\/types\/product"}],"replies":[{"embeddable":true,"href":"https:\/\/qualiss.com.tr\/en\/wp-json\/wp\/v2\/comments?post=8338"}],"wp:featuredmedia":[{"embeddable":true,"href":"https:\/\/qualiss.com.tr\/en\/wp-json\/wp\/v2\/media\/8339"}],"wp:attachment":[{"href":"https:\/\/qualiss.com.tr\/en\/wp-json\/wp\/v2\/media?parent=8338"}],"wp:term":[{"taxonomy":"product_brand","embeddable":true,"href":"https:\/\/qualiss.com.tr\/en\/wp-json\/wp\/v2\/product_brand?post=8338"},{"taxonomy":"product_cat","embeddable":true,"href":"https:\/\/qualiss.com.tr\/en\/wp-json\/wp\/v2\/product_cat?post=8338"},{"taxonomy":"product_tag","embeddable":true,"href":"https:\/\/qualiss.com.tr\/en\/wp-json\/wp\/v2\/product_tag?post=8338"}],"curies":[{"name":"wp","href":"https:\/\/api.w.org\/{rel}","templated":true}]}}